{"id":1412,"date":"2020-08-31T11:47:41","date_gmt":"2020-08-31T08:47:41","guid":{"rendered":"https:\/\/doganpinar.com\/gizlilik-politikasi\/"},"modified":"2022-12-14T12:40:15","modified_gmt":"2022-12-14T09:40:15","slug":"gizlilik-politikasi","status":"publish","type":"page","link":"https:\/\/doganpinar.com\/en\/gizlilik-politikasi\/","title":{"rendered":"Gizlilik Politikas\u0131"},"content":{"rendered":"<div class=\"wpb-content-wrapper\"><p>[vc_row][vc_column icons_position=&#8221;left&#8221;][vc_column_text]<\/p>\n<div class=\"section-heading section-heading--dark \">\n<h2 class=\"__title\">Ki\u015fisel Verilerin \u0130\u015flenmesi ve Korunmas\u0131 Politikas\u0131 (\u201cDo\u011fan P\u0131nar\u201d)<\/h2>\n<div class=\"__description\">Ki\u015fisel verilerin korunmas\u0131 Do\u011fan P\u0131nar i\u00e7in \u00f6nemli bir konudur. Do\u011fan P\u0131nar, 6698 Say\u0131l\u0131 Ki\u015fisel Verilerin Korunmas\u0131 Kanunu\u2019na (\u201cKVK Kanunu\u201d) uyum sa\u011flanmas\u0131 i\u00e7in KVK Kanunu\u2019nun \u00f6ng\u00f6rd\u00fc\u011f\u00fc ilkeleri benimsemekte, ki\u015fisel verilerin i\u015flenmesi, silinmesi, yok edilmesi, anonim hale getirilmesi, aktar\u0131lmas\u0131, ilgili ki\u015finin ayd\u0131nlat\u0131lmas\u0131 ve veri g\u00fcvenli\u011finin sa\u011flanmas\u0131yla ilgili y\u00fck\u00fcml\u00fcl\u00fcklerini yerine getirmektedir. Bu kapsamda d\u00fczenlenen Ki\u015fisel Verilerin Korunmas\u0131 Politikas\u0131 ki\u015fisel verisi i\u015flenen ger\u00e7ek ki\u015filerin (\u201c\u0130lgili Ki\u015fi\u201d) eri\u015fimine sunulmaktad\u0131r.<\/div>\n<\/div>\n<div class=\"spacer py-4\"><\/div>\n<div class=\"section-heading section-heading--dark \">\n<h2 class=\"__title\">1) Ki\u015fisel Verilerin Korunmas\u0131 Politikas\u0131n\u0131n Kapsam ve Amac\u0131<\/h2>\n<div class=\"__description\">\n<p>\u0130\u015fbu Ki\u015fisel Verilerin Korunmas\u0131 Politikas\u0131, Do\u011fan P\u0131nar\u2019nin;<\/p>\n<ol>\n<li>a)Ki\u015fisel verileri toplama y\u00f6ntemlerini ve hukuki sebeplerini,<\/li>\n<li>b)Hangi ki\u015fi gruplar\u0131n\u0131n ki\u015fisel verilerinin i\u015flendi\u011fini (Veri Sahibi Kategorizasyonu),<\/li>\n<li>c)Bu ki\u015fi gruplar\u0131na ili\u015fkin olarak hangi kategoride ki\u015fisel veri i\u015flendi\u011fini (Veri Kategorileri) ve \u00f6rnek veri t\u00fcrleri,<\/li>\n<li>d)Bu ki\u015fisel verilerin hangi i\u015f s\u00fcre\u00e7lerinde ve hangi ama\u00e7larla kullan\u0131ld\u0131\u011f\u0131n\u0131,<\/li>\n<li>e)Ki\u015fisel verilerin g\u00fcvenli\u011fini sa\u011flamak amac\u0131yla al\u0131nan teknik ve idari tedbirleri,<\/li>\n<li>f)Ki\u015fisel verilerin kimlere ve hangi ama\u00e7la aktar\u0131labilece\u011fini,<\/li>\n<li>g)Ki\u015fisel verileri saklama s\u00fcrelerini,<\/li>\n<li>h)\u0130lgili Ki\u015filer\u2019in ki\u015fisel verileri \u00fczerindeki haklar\u0131n\u0131n neler oldu\u011funu ve bu haklar\u0131 nas\u0131l kullanabileceklerini,<\/li>\n<li>i)Resmi makamlarla ki\u015fisel veri payla\u015f\u0131m\u0131n\u0131 a\u00e7\u0131klamaktad\u0131r.<\/li>\n<\/ol>\n<\/div>\n<\/div>\n<div class=\"spacer py-4\"><\/div>\n<div class=\"section-heading section-heading--dark \">\n<h2 class=\"__title\">a) Ki\u015fisel Verileri Toplama Y\u00f6ntemleri ve Hukuki Sebepleri Nedir?<\/h2>\n<div class=\"__description\">Do\u011fan P\u0131nar ki\u015fisel verileri websiteleri, sosyal medya hesaplar\u0131, \u00e7erezler, idari ve adli makamlardan gelen tebligatlar ve sair ileti\u015fim kanallar\u0131 arac\u0131l\u0131\u011f\u0131yla i\u015fitsel, elektronik veya yaz\u0131l\u0131 olarak, KVK Kanunu\u2019nunda belirtilen ki\u015fisel veri i\u015fleme \u015fartlar\u0131na uygun olarak ve i\u015fbu Ki\u015fisel Verilerin Korunmas\u0131 Politikas\u0131\u2019nda belirtilen hukuki sebepler do\u011frultusunda toplamaktad\u0131r.<\/div>\n<\/div>\n<div class=\"spacer py-4\"><\/div>\n<div class=\"section-heading section-heading--dark \">\n<h2 class=\"__title\">b) Veri Konusu Ki\u015fi Grubu Kategorizasyonu<\/h2>\n<div class=\"__description\">\n<p>Do\u011fan P\u0131nar, ki\u015fisel veri i\u015fleme s\u00fcre\u00e7lerinde ve bu s\u00fcre\u00e7lere ba\u011fl\u0131 faaliyetlerde ki\u015fisel verileri i\u015flenen veri konusu ki\u015fi gruplar\u0131n\u0131 a\u015fa\u011f\u0131daki \u015fekilde kategorize etmektedir. Bununla beraber KVK Kanunu\u2019nun 5. ve 6. maddelerinde belirtilen ki\u015fisel veri i\u015fleme \u015fartlar\u0131na uygun olarak ve i\u015fbu Ki\u015fisel Verilerin Korunmas\u0131 Politikas\u0131\u2019nda belirtilen hukuki sebepler do\u011frultusunda sair ki\u015fi gruplar\u0131n\u0131n da ki\u015fisel verileri i\u015flenebilmektedir.<\/p>\n<ol>\n<li>M\u00fc\u015fteri<\/li>\n<li>Potansiyel M\u00fc\u015fteri<\/li>\n<li>\u00c7evrimi\u00e7i Ziyaret\u00e7i<\/li>\n<li>Talep\/\u015fikayet ileten ki\u015fi<\/li>\n<\/ol>\n<\/div>\n<\/div>\n<div class=\"spacer py-4\"><\/div>\n<div class=\"section-heading section-heading--dark \">\n<h2 class=\"__title\">c) Veri Kategorileri ve \u00d6rnek Veri T\u00fcrleri<\/h2>\n<div class=\"__description\">\n<ol>\n<li style=\"list-style-type: none;\">\n<ol>\n<li>1. M\u00fc\u015fteri,\u00b7 Kimlik Bilgisi: Ad, soyad\u0131, TC kimlik numaras\u0131\u00b7 \u0130leti\u015fim Bilgisi: cep telefonu, e-posta adresi, adres,\u00b7 Finansal Bilgi: Vergi dairesi, fatura bilgileri\u00b7 M\u00fc\u015fteri\/\u00dcye Bilgisi: \u00dcyelik bilgisi,\n<p>\u00b7 M\u00fc\u015fteri\/\u00dcye \u0130\u015flem Bilgisi: Sat\u0131n al\u0131nan \u00fcr\u00fcn ve tutar\u0131,<\/p>\n<p>\u00b7 Risk Y\u00f6netimi Bilgisi: IP adresi<\/p>\n<p>\u00b7 \u0130\u015flem G\u00fcvenli\u011fi Bilgisi: \u015eifre, parola bilgileri<\/p>\n<p>\u00b7 Pazarlama Bilgisi: \u00c7erez kay\u0131tlar\u0131, hedefleme bilgileri, al\u0131\u015fkanl\u0131k ve be\u011fenileri g\u00f6steren de\u011ferlendirmeler<\/p>\n<p>\u00b7 Hukuki \u0130\u015flem ve Uyum Bilgisi: Verilen hizmetin ba\u015flama ve biti\u015f zaman\u0131, yararlan\u0131lan hizmetin t\u00fcr\u00fc, \u0130lgili Ki\u015fi\u2019nin elektronik ortamda verdi\u011fi ticari elektronik ileti izni, mesafeli sat\u0131\u015f s\u00f6zle\u015fmesi ve DT taraf\u0131ndan sunulan hizmetlerden faydalan\u0131lmas\u0131n\u0131 sa\u011flayan sair hukuki metinler ve s\u00f6zle\u015fmeler<\/p>\n<p>2. Potansiyel M\u00fc\u015fteri<\/p>\n<p>\u00b7 Kimlik Bilgisi: Ad, soyad\u0131<\/p>\n<p>\u00b7 \u0130leti\u015fim Bilgisi: e-posta adresi, adres,<\/p>\n<p>\u00b7 Risk Y\u00f6netimi Bilgisi: IP adresi<\/p>\n<p>3. \u00c7evrimi\u00e7i Ziyaret\u00e7i<\/p>\n<p>\u00b7 Hukuki \u0130\u015flem Bilgisi\/Risk Y\u00f6netimi Bilgisi: IP adresi<\/p>\n<p>\u00b7 Hukuki \u0130\u015flem ve Uyum Bilgisi: Verilen hizmetin ba\u015flama ve biti\u015f zaman\u0131, yararlan\u0131lan hizmetin t\u00fcr\u00fc, aktar\u0131lan veri miktar<\/p>\n<p>4. Talep\/\u015fik\u00e2yet ileten ki\u015fi<\/p>\n<p>\u00b7 Kimlik Bilgisi: Ad, soyad\u0131<\/p>\n<p>\u00b7 \u0130leti\u015fim Bilgisi: e-posta adresi,<\/p>\n<p>\u00b7 \u0130\u015flem Bilgisi: Mesaj konusu, mesaj i\u00e7eri\u011fi<\/li>\n<\/ol>\n<\/li>\n<\/ol>\n<\/div>\n<\/div>\n<div class=\"spacer py-4\"><\/div>\n<div class=\"section-heading section-heading--dark \">\n<h2 class=\"__title\">d) Ki\u015fisel Verilerin Hangi \u0130\u015f S\u00fcre\u00e7lerinde ve Hangi Ama\u00e7larla Kullan\u0131ld\u0131\u011f\u0131<\/h2>\n<div class=\"__description\">\n<ol>\n<li>Ki\u015fisel veriler,\u00a0\u00c7evrimi\u00e7i ziyaret\u00e7i verilerinin ilgili mevzuat uyar\u0131nca i\u015flenmesi,\u00b7 M\u00fc\u015fteri i\u015flemlerinin ger\u00e7ekle\u015ftirilmesi,\u00b7 Platformlar \u00fczerinden sunulan hizmetlerin iyile\u015ftirilmesi, yeni hizmetlerin geli\u015ftirilmesi ve bununla ilgili bilgilendirme yap\u0131lmas\u0131,\u00b7 M\u00fc\u015fteri ile kurulan ticari elektronik ileti onay\u0131 mevcut m\u00fc\u015fteriler a\u00e7\u0131s\u0131ndan; \u00f6zel tan\u0131t\u0131m, f\u0131rsat ve fayda sa\u011flanmas\u0131,\n<p>\u00b7 S\u00f6zle\u015fme ili\u015fkisi kapsam\u0131nda, ticari elektronik ileti onay\u0131 mevcut m\u00fc\u015fteriler a\u00e7\u0131s\u0131ndan; do\u011frudan pazarlama, dijital pazarlama, yeniden pazarlama, hedefleme, profilleme ve analiz yap\u0131larak tan\u0131t\u0131m ve pazarlama yap\u0131lmas\u0131,<\/p>\n<p>\u00b7 M\u00fc\u015fteri sorun ve \u015fikayetlerinin \u00e7\u00f6z\u00fcmlenmesi,<\/p>\n<p>\u00b7 M\u00fc\u015fteri memnuniyeti, sadakati ve ba\u011fl\u0131l\u0131\u011f\u0131n\u0131n yarat\u0131lmas\u0131,<\/p>\n<p>\u00b7 \u0130statistiksel de\u011ferlendirmeler ve pazar ara\u015ft\u0131rmalar\u0131 yap\u0131lmas\u0131,<\/p>\n<p>\u00b7 ticari ve i\u015f stratejilerinin belirlenmesi ve uygulanmas\u0131,<\/p>\n<p>\u00b7 Muhasebe ve sat\u0131n alma i\u015flemlerinin takibi,<\/p>\n<p>\u00b7 Hukuki s\u00fcre\u00e7ler ve mevzuata uyum,<\/p>\n<p>\u00b7 \u0130dari ve adli makamlardan gelen bilgi taleplerinin cevapland\u0131r\u0131lmas\u0131,<\/p>\n<p>\u00b7 \u015eirket i\u00e7i raporlama ve i\u015f geli\u015ftirme faaliyetlerinin planlanmas\u0131,<\/p>\n<p>\u00b7 Bilgi ve i\u015flem g\u00fcvenli\u011fi sa\u011flanmas\u0131 ve k\u00f6t\u00fc ama\u00e7l\u0131 kullan\u0131m\u0131n \u00f6nlenmesi,<\/p>\n<p>\u00b7\u00a0 KVK Kanunu kapsam\u0131nda haz\u0131rlanan politikalar\u0131na uygun olarak y\u00fcr\u00fct\u00fclmesinin temini i\u00e7in gerekli operasyonel faaliyetlerinin planlanmas\u0131 ve icras\u0131,<\/p>\n<p>\u00b7 \u0130\u015flenen verilerin g\u00fcncel ve do\u011fru olmas\u0131n\u0131n sa\u011flanmas\u0131 amac\u0131yla gerekli d\u00fczenlemelerin yap\u0131lmas\u0131 ve<\/p>\n<p>say\u0131l\u0131 t\u00fcm bu s\u00fcre\u00e7lere ili\u015fkin faaliyetleri ger\u00e7ekle\u015ftirmek amac\u0131yla kullan\u0131lmaktad\u0131r.<\/li>\n<\/ol>\n<\/div>\n<\/div>\n<div class=\"spacer py-4\"><\/div>\n<div class=\"section-heading section-heading--dark \">\n<h2 class=\"__title\">e) Ki\u015fisel Verilerin G\u00fcvenli\u011fini Sa\u011flamak Amac\u0131yla Al\u0131nan Teknik ve \u0130dari Tedbirler<\/h2>\n<div class=\"__description\">\n<ol>\n<li>Do\u011fan P\u0131nar, ki\u015fisel verilerinizin gizlili\u011fi, b\u00fct\u00fcnl\u00fc\u011f\u00fc ve g\u00fcvenli\u011finin sa\u011flanmas\u0131 i\u00e7in gerekli teknik ve idari her t\u00fcrl\u00fc tedbiri almay\u0131 ve gerekli \u00f6zeni g\u00f6stermeyi taahh\u00fct etmektedir. Do\u011fan P\u0131nar, ki\u015fisel verilere yetkisiz eri\u015fimi, hatal\u0131 kullan\u0131m\u0131, ki\u015fisel verilerin hukuka ayk\u0131r\u0131 olarak i\u015flenmesini, if\u015fa edilmesini, de\u011fi\u015ftirilmesini veya imha edilmesini engellemek i\u00e7in gerekli \u00f6nlemleri almaktad\u0131r. Do\u011fan P\u0131nar i\u015fledi\u011fi ki\u015fisel verilere hukuka ayk\u0131r\u0131 eri\u015fimin engellenmesi, bu verilerin hukuka ayk\u0131r\u0131 i\u015flenmesinin \u00f6nlenmesi ve ki\u015fisel verilerin muhafazas\u0131n\u0131n sa\u011flanmas\u0131na ili\u015fkin olarak:\u00b7 Ki\u015fisel verilerin al\u0131nd\u0131\u011f\u0131 web sitesindeki t\u00fcm alanlar SSL ile korur,\u00b7 Web sitesinden toplanan ki\u015fisel verilerin hukuka ayk\u0131r\u0131 olarak i\u015flenmemesi i\u00e7in, \u00e7al\u0131\u015fanlar\u0131na y\u00f6nelik eri\u015fim yetki ve kontrol matrisleri olu\u015fturur ve uygulamaya al\u0131r,\n<p>\u00b7 Ki\u015fisel verilere hukuka ayk\u0131r\u0131 olarak eri\u015filmemesini sa\u011flamak \u00fczere; periyodik olarak s\u0131zma testleri yapt\u0131r\u0131r, sistemin yetkisiz eri\u015fimlere dayan\u0131kl\u0131l\u0131\u011f\u0131n\u0131 test eder,<\/p>\n<p>Do\u011fan P\u0131nar gerekli bilgi g\u00fcvenli\u011fi \u00f6nlemlerini almas\u0131na kar\u015f\u0131n, Do\u011fan P\u0131nar taraf\u0131ndan i\u015fletilen platformlara veya Do\u011fan P\u0131nar sistemine yap\u0131lan sald\u0131r\u0131lar sonucunda ki\u015fisel verilerin zarar g\u00f6rmesi veya yetkisiz \u00fc\u00e7\u00fcnc\u00fc ki\u015filerin eline ge\u00e7mesi durumunda, Do\u011fan P\u0131nar bu durumu derhal sizlere ve Ki\u015fisel Verileri Koruma Kurulu\u2019na bildirir ve gerekli \u00f6nlemleri al\u0131r.<\/li>\n<\/ol>\n<\/div>\n<\/div>\n<div class=\"spacer py-4\"><\/div>\n<div class=\"section-heading section-heading--dark \">\n<h2 class=\"__title\">f) Ki\u015fisel Verilerin Kimlere ve Hangi Ama\u00e7la Aktar\u0131labilece\u011fi<\/h2>\n<div class=\"__description\">\n<p>Do\u011fan P\u0131nar ki\u015fisel verileri yaln\u0131zca Ki\u015fisel Verilerin Korunmas\u0131 Politikas\u0131\u2019nda belirtilen ama\u00e7lar do\u011frultusunda ve KVK Kanunu\u2019nun 8. ve 9. maddelerine uygun olarak \u00fc\u00e7\u00fcnc\u00fc ki\u015filere aktarmaktad\u0131r.M\u00fc\u015fteri verileri ayr\u0131ca; m\u00fc\u015fterinin ticari elektronik ileti onay\u0131 do\u011frultusunda al\u0131\u015fveri\u015f tercih, be\u011feni ve al\u0131\u015fkanl\u0131klar\u0131 do\u011frultusunda kendisine tan\u0131t\u0131m, reklam yap\u0131labilmesi, fayda ve f\u0131rsat sunulabilmesi amac\u0131yla ticari elektronik ileti arac\u0131 hizmet sa\u011flay\u0131c\u0131s\u0131 ile payla\u015f\u0131lmaktad\u0131r.<\/p>\n<p>Yukar\u0131da belirtti\u011fimiz yurt i\u00e7i ve yurt d\u0131\u015f\u0131 aktar\u0131ma konu ki\u015fisel veriler, g\u00fcvenliklerini sa\u011flayacak teknik tedbirlerin yan\u0131 s\u0131ra; hukuki ili\u015fkinin kar\u015f\u0131 taraf\u0131n\u0131n veri sorumlusu veya veri i\u015fleyen olmas\u0131 dikkate al\u0131narak s\u00f6zle\u015fmelerimizde yer verilen KVK Kanunu uyumlu h\u00fck\u00fcmler sayesinde hukuksal olarak da korunmaktad\u0131r.<\/p>\n<\/div>\n<\/div>\n<div class=\"spacer py-4\"><\/div>\n<div class=\"section-heading section-heading--dark \">\n<h2 class=\"__title\">g) Ki\u015fisel Verileri Saklanma S\u00fcreleri<\/h2>\n<div class=\"__description\">\n<p>Do\u011fan P\u0131nar i\u015fledi\u011fi ki\u015fisel verileri ilgili mevzuatta \u00f6ng\u00f6r\u00fclen veya i\u015fleme amac\u0131n\u0131n gerektirdi\u011fi s\u00fcreler boyunca KVK Kanunu ile uyumlu olarak muhafaza eder. Ki\u015fisel Veri Saklama ve \u0130mha Politikam\u0131zda bu s\u00fcreler yakla\u015f\u0131k olarak a\u015fa\u011f\u0131daki gibidir:<\/p>\n<table width=\"802\">\n<tbody>\n<tr>\n<td width=\"201\">M\u00fc\u015fteri kay\u0131tlar\u0131<\/td>\n<td width=\"201\">10 y\u0131l<\/td>\n<td width=\"201\">6098 Say\u0131l\u0131 Kanun<\/td>\n<\/tr>\n<tr>\n<td width=\"201\">Muhasebe ve finansal i\u015flemlere ili\u015fkin t\u00fcm kay\u0131tlar<\/td>\n<td width=\"201\">10 y\u0131l<\/td>\n<td width=\"201\">6102 Say\u0131l\u0131 Kanun, 213 Say\u0131l\u0131 Kanun<\/td>\n<\/tr>\n<tr>\n<td width=\"201\">Ticari elektronik ileti onay kay\u0131tlar\u0131<\/td>\n<td width=\"201\">Onay\u0131n geri al\u0131nd\u0131\u011f\u0131 tarihten itibaren 1 y\u0131l<\/td>\n<td width=\"201\">6563 Say\u0131l\u0131 Kanun ve ilgili ikincil mevzuat<\/td>\n<\/tr>\n<tr>\n<td width=\"201\">\u00c7evrim i\u00e7i ziyaret\u00e7ilere ili\u015fkin trafik bilgileri<\/td>\n<td width=\"201\">2 y\u0131l<\/td>\n<td width=\"201\">5651 Say\u0131l\u0131 Kanun<\/td>\n<\/tr>\n<tr>\n<td width=\"201\">M\u00fc\u015fterilere ili\u015fkin ki\u015fisel veriler<\/td>\n<td width=\"201\">Hukuki ili\u015fki sona erdikten sonra 10 y\u0131l;<\/td>\n<td width=\"201\">6098 Say\u0131l\u0131 Kanun, 213 Say\u0131l\u0131 Kanun, 6502 Say\u0131l\u0131 Kanun<\/td>\n<\/tr>\n<\/tbody>\n<\/table>\n<p>&nbsp;<\/p>\n<p>\u00c7erezler yoluyla elde etti\u011fimiz ki\u015fisel verilerin saklama s\u00fcreleri konusunda \u00c7erez (Cookie) Politikam\u0131z\u0131 inceleyebilirsiniz.<\/p>\n<\/div>\n<\/div>\n<div class=\"spacer py-4\"><\/div>\n<div class=\"section-heading section-heading--dark \">\n<h2 class=\"__title\">h) \u0130lgili Ki\u015filer\u2019in Ki\u015fisel Verileri \u00dczerindeki Haklar\u0131n\u0131n Neler Oldu\u011funu ve Bu Haklar\u0131 Nas\u0131l Kullanabilecekleri<\/h2>\n<div class=\"__description\">\n<p>Do\u011fan P\u0131nar, taraf\u0131ndan i\u015flenen ki\u015fisel veriler \u00fczerinde \u0130lgili Ki\u015fi\u2019nin KVK Kanunu madde 11 uyar\u0131nca sahip oldu\u011fu haklar a\u015fa\u011f\u0131da s\u0131ralanmaktad\u0131r:\u00b7 Ki\u015fisel veri i\u015flenip i\u015flenmedi\u011fini \u00f6\u011frenme,<\/p>\n<p>\u00b7 Ki\u015fisel verileri i\u015flenmi\u015fse buna ili\u015fkin bilgi talep etme,<\/p>\n<p>\u00b7 Ki\u015fisel verilerin i\u015flenme amac\u0131n\u0131 ve bunlar\u0131n amac\u0131na uygun kullan\u0131l\u0131p kullan\u0131lmad\u0131\u011f\u0131n\u0131 \u00f6\u011frenme,<\/p>\n<p>\u00b7 Yurt i\u00e7inde veya yurt d\u0131\u015f\u0131nda ki\u015fisel verilerin aktar\u0131ld\u0131\u011f\u0131 \u00fc\u00e7\u00fcnc\u00fc ki\u015fileri bilme,<\/p>\n<p>\u00b7 Ki\u015fisel verilerin eksik veya yanl\u0131\u015f i\u015flenmi\u015f olmas\u0131 h\u00e2linde bunlar\u0131n d\u00fczeltilmesini isteme,<\/p>\n<p>\u00b7 KVK Kanunu 7. maddede \u00f6ng\u00f6r\u00fclen \u015fartlar \u00e7er\u00e7evesinde ki\u015fisel verilerin silinmesini veya yok edilmesini isteme,<\/p>\n<p>\u00b7 (d) ve (e) bentleri uyar\u0131nca yap\u0131lan i\u015flemlerin, ki\u015fisel verilerin aktar\u0131ld\u0131\u011f\u0131 \u00fc\u00e7\u00fcnc\u00fc ki\u015filere bildirilmesini isteme,<\/p>\n<p>\u00b7 \u0130\u015flenen verilerin m\u00fcnhas\u0131ran otomatik sistemler vas\u0131tas\u0131yla analiz edilmesi suretiyle ki\u015finin kendisi aleyhine bir sonucun ortaya \u00e7\u0131kmas\u0131na itiraz etme,<\/p>\n<p>\u00b7 Ki\u015fisel verilerin kanuna ayk\u0131r\u0131 olarak i\u015flenmesi sebebiyle zarara u\u011framas\u0131 h\u00e2linde zarar\u0131n giderilmesini talep etme.<\/p>\n<p>KVK Kanunu madde 13 uyar\u0131nca kisiselverilerim@d-teknoloji.com.tr \u2018ye mail atarak haklar\u0131n\u0131z\u0131 kullanabilirsiniz.<\/p>\n<\/div>\n<\/div>\n<div class=\"spacer py-4\"><\/div>\n<div class=\"section-heading section-heading--dark \">\n<h2 class=\"__title\">i) Resmi Makamlarla Ki\u015fisel Veri Payla\u015f\u0131m\u0131<\/h2>\n<div class=\"__description\">Do\u011fan P\u0131nar taraf\u0131ndan i\u015fletilen elektronik ticaret platformlar\u0131na ve mobil aplikasyonlara yapt\u0131\u011f\u0131n\u0131z ziyaret veya \u00fcyeli\u011fe ili\u015fkin ki\u015fisel verilerinizi ve gezinme bilgileriniz gibi trafik bilgilerinizi; Do\u011fan P\u0131nar\u2019nin yasalar kar\u015f\u0131s\u0131ndaki y\u00fck\u00fcml\u00fcl\u00fc\u011f\u00fcn\u00fc ifa etmesi amac\u0131yla (su\u00e7la m\u00fccadele, devlet ve kamu g\u00fcvenli\u011finin tehdidi ve benzeri ancak bununla s\u0131n\u0131rl\u0131 olmamak \u00fczere Do\u011fan P\u0131nar\u2019nin yasal veya idari olarak bildirim veya bilgi verme y\u00fck\u00fcml\u00fcl\u00fc\u011f\u00fcn\u00fcn mevcut oldu\u011fu durumlarda) yasal olarak bu bilgileri talep etmeye yetkili olan kamu kurum ve kurulu\u015flar\u0131 ile payla\u015fabilecektir.<\/div>\n<\/div>\n<div class=\"spacer py-4\"><\/div>\n<div class=\"section-heading section-heading--dark \">\n<h2 class=\"__title\">j) \u00c7erez (Cookie) Kullan\u0131m\u0131 ve Y\u00f6netimi<\/h2>\n<div class=\"__description\">Do\u011fan P\u0131nar taraf\u0131nda kullan\u0131lan \u00e7erezler ile ilgili detayl\u0131 bilgi i\u00e7in \u00c7erez (Cookie) Politikam\u0131z\u0131 inceleyebilirsiniz.<\/div>\n<\/div>\n<div class=\"spacer py-4\"><\/div>\n<div class=\"section-heading section-heading--dark \">\n<h2 class=\"__title\">2) Ki\u015fisel Verilerin Silinmesi, Yok Edilmesi ve Anonimle\u015ftirilmesi \u015eartlar\u0131<\/h2>\n<div class=\"__description\">\n<p>Do\u011fan P\u0131nar, web sitesi, mobil sitesi arac\u0131l\u0131\u011f\u0131yla i\u015fledi\u011fi ki\u015fisel verileri, KVK Kanunu madde 7, 17 ve T\u00fcrk Ceza Kanunu madde 138 uyar\u0131nca ilgili kanunlar\u0131n \u00f6ng\u00f6rd\u00fc\u011f\u00fc s\u00fcreler ve\/veya i\u015fleme amac\u0131n\u0131n gerekli k\u0131ld\u0131\u011f\u0131 s\u00fcreler boyunca saklamaktad\u0131r. Bu s\u00fcrelerin sona ermesi durumunda ise Ki\u015fisel Verilerin Silinmesi, Yok Edilmesi veya Anonim Hale Getirilmesi Hakk\u0131nda Y\u00f6netmelik h\u00fck\u00fcmleri uyar\u0131nca silecek, yok edecek veya anonim hale getirecektir.Do\u011fan P\u0131nar taraf\u0131ndan ki\u015fisel verilerin silinmesi, ki\u015fisel verilerin ilgili kullan\u0131c\u0131lar i\u00e7in hi\u00e7bir \u015fekilde eri\u015filemez ve tekrar kullan\u0131lamaz hale getirilmesi i\u015flemini ifade etmektedir. Do\u011fan P\u0131nar bunun i\u00e7in kullan\u0131c\u0131 seviyesinde eri\u015fim yetki ve kontrol matrisi olu\u015fturur ve uygulamaya al\u0131r. Veri taban\u0131nda silme i\u015fleminin ger\u00e7ekle\u015ftirilmesi i\u00e7in gerekli tedbirleri al\u0131r.<\/p>\n<p>Do\u011fan P\u0131nar taraf\u0131ndan ki\u015fisel verilerin yok edilmesi, ki\u015fisel verilerin hi\u00e7 kimse taraf\u0131ndan hi\u00e7bir \u015fekilde eri\u015filemez, geri getirilemez ve tekrar kullan\u0131lamaz hale getirilmesi i\u015flemini ifade etmektedir.<\/p>\n<p>Do\u011fan P\u0131nar taraf\u0131ndan ki\u015fisel verilerin anonim hale getirilmesi, ki\u015fisel verilerin ba\u015fka verilerle e\u015fle\u015ftirilse dahi hi\u00e7bir surette kimli\u011fi belirli veya belirlenebilir bir ger\u00e7ek ki\u015fiyle ili\u015fkilendirilemeyecek hale getirilmesini ifade etmektedir.<\/p>\n<p>Do\u011fan P\u0131nar, Ki\u015fisel Verilerin Silinmesi, Yok Edilmesi veya Anonim Hale Getirilmesi Hakk\u0131nda Y\u00f6netmelik uyar\u0131nca haz\u0131rlad\u0131\u011f\u0131 Ki\u015fisel Verilerin Saklanmas\u0131 ve \u0130mhas\u0131 Politikas\u0131 kapsam\u0131nda silme, yok etme ve anonim hale getirmeye ili\u015fkin y\u00f6ntemleri ve ald\u0131\u011f\u0131 teknik ve idari tedbirleri ayr\u0131nt\u0131l\u0131 olarak a\u00e7\u0131klamaktad\u0131r. Bu Politika\u2019da ayr\u0131ca Y\u00f6netmeli\u011fin \u00f6ng\u00f6rd\u00fc\u011f\u00fc periyodik imhan\u0131n ger\u00e7ekle\u015ftirilece\u011fi zaman aral\u0131\u011f\u0131 6 ay olarak belirlenmi\u015ftir.<\/p>\n<\/div>\n<\/div>\n<div class=\"spacer py-4\"><\/div>\n<div class=\"section-heading section-heading--dark \">\n<h2 class=\"__title\">3) Gizlilik\/Ki\u015fisel Verilerin Korunmas\u0131 Politikas\u0131\u2019nda Yap\u0131lacak De\u011fi\u015fiklikler<\/h2>\n<div class=\"__description\">Do\u011fan P\u0131nar, i\u015fbu Gizlilik\/Ki\u015fisel Verilerin Korunmas\u0131 Politikas\u0131\u2019nda her zaman de\u011fi\u015fiklik yapabilir. Bu de\u011fi\u015fiklikler, de\u011fi\u015ftirilmi\u015f yeni Gizlilik\/Ki\u015fisel Verilerin Korunmas\u0131 Politikas\u0131\u2019n\u0131n yay\u0131nlanmas\u0131yla birlikte derhal ge\u00e7erlilik kazan\u0131r. \u0130\u015fbu Gizlilik\/Ki\u015fisel Verilerin Korunmas\u0131 Politikas\u0131\u2019ndaki de\u011fi\u015fikliklerden haberdar olman\u0131z i\u00e7in, siz \u00fcyelerimize gerekli bilgilendirme yap\u0131lacakt\u0131r.<\/div>\n<\/div>\n<p>[\/vc_column_text][\/vc_column][\/vc_row]<\/p>\n<\/div>","protected":false},"excerpt":{"rendered":"<p>[vc_row][vc_column icons_position=&#8221;left&#8221;][vc_column_text] Ki\u015fisel Verilerin \u0130\u015flenmesi ve Korunmas\u0131 Politikas\u0131 (\u201cDo\u011fan P\u0131nar\u201d) Ki\u015fisel verilerin korunmas\u0131 Do\u011fan P\u0131nar i\u00e7in \u00f6nemli bir konudur. Do\u011fan P\u0131nar, 6698 Say\u0131l\u0131 Ki\u015fisel Verilerin&hellip;<\/p>\n","protected":false},"author":1,"featured_media":0,"parent":0,"menu_order":0,"comment_status":"closed","ping_status":"closed","template":"","meta":{"footnotes":""},"class_list":["post-1412","page","type-page","status-publish","hentry"],"_links":{"self":[{"href":"https:\/\/doganpinar.com\/en\/wp-json\/wp\/v2\/pages\/1412","targetHints":{"allow":["GET"]}}],"collection":[{"href":"https:\/\/doganpinar.com\/en\/wp-json\/wp\/v2\/pages"}],"about":[{"href":"https:\/\/doganpinar.com\/en\/wp-json\/wp\/v2\/types\/page"}],"author":[{"embeddable":true,"href":"https:\/\/doganpinar.com\/en\/wp-json\/wp\/v2\/users\/1"}],"replies":[{"embeddable":true,"href":"https:\/\/doganpinar.com\/en\/wp-json\/wp\/v2\/comments?post=1412"}],"version-history":[{"count":1,"href":"https:\/\/doganpinar.com\/en\/wp-json\/wp\/v2\/pages\/1412\/revisions"}],"predecessor-version":[{"id":1413,"href":"https:\/\/doganpinar.com\/en\/wp-json\/wp\/v2\/pages\/1412\/revisions\/1413"}],"wp:attachment":[{"href":"https:\/\/doganpinar.com\/en\/wp-json\/wp\/v2\/media?parent=1412"}],"curies":[{"name":"wp","href":"https:\/\/api.w.org\/{rel}","templated":true}]}}